{"id":5,"date":"2020-01-13T11:17:52","date_gmt":"2020-01-13T11:17:52","guid":{"rendered":"https:\/\/demosites.io\/web-agency-gb\/?page_id=5"},"modified":"2023-01-16T12:39:01","modified_gmt":"2023-01-16T11:39:01","slug":"15c42-web-agency-gb-home","status":"publish","type":"page","link":"https:\/\/www.ebics.hu\/","title":{"rendered":"EBICS"},"content":{"rendered":"\n<div class=\"wp-block-cover alignfull is-light ticss-c615c711\" style=\"min-height:500px;aspect-ratio:unset;\"><span aria-hidden=\"true\" class=\"wp-block-cover__background has-background-dim-0 has-background-dim\"><\/span><img loading=\"lazy\" decoding=\"async\" width=\"1366\" height=\"768\" class=\"wp-block-cover__image-background wp-image-109\" alt=\"\" src=\"https:\/\/www.ebics.hu\/wp-content\/uploads\/2020\/07\/web-design-studio-01.jpg.jpg\" style=\"object-position:49% 63%\" data-object-fit=\"cover\" data-object-position=\"49% 63%\"\/><div class=\"wp-block-cover__inner-container is-layout-flow wp-block-cover-is-layout-flow\"><div class=\"wp-block-image\">\n<figure class=\"aligncenter size-full\"><img loading=\"lazy\" decoding=\"async\" width=\"200\" height=\"92\" src=\"https:\/\/www.ebics.hu\/wp-content\/uploads\/2023\/01\/cropped-Logo_ready_for_ebics.png\" alt=\"\" class=\"wp-image-365\"\/><figcaption class=\"wp-element-caption\">  <\/figcaption><\/figure>\n<\/div>\n\n\n<p><\/p>\n\n\n\n<h1 class=\"has-text-align-center has-text-color wp-block-heading\" style=\"color:#121212\"><strong>V\u00e1llalati \u00e1tj\u00e1r\u00f3 az EBICS sz\u00e1m\u00e1ra<\/strong> \u00a0<\/h1>\n\n\n\n<p class=\"has-text-align-center has-text-color\" style=\"color:#121212;font-size:17px\">Szabv\u00e1nyos\u00edtott, megb\u00edzhat\u00f3 \u00e9s biztons\u00e1gos<\/p>\n\n\n\n<div class=\"wp-block-buttons ticss-b017bac2 is-horizontal is-content-justification-center is-layout-flex wp-container-core-buttons-is-layout-499968f5 wp-block-buttons-is-layout-flex\">\n<div class=\"wp-block-button is-style-primary ticss-749f9b14\"><a class=\"wp-block-button__link has-nv-site-bg-color has-text-color wp-element-button\" href=\"https:\/\/www.mdpraha.cz\/en\/start\" style=\"border-radius:6px\">T\u00d6BB INFORM\u00c1CI\u00d3<\/a><\/div>\n<\/div>\n<\/div><\/div>\n\n\n\n<div style=\"height:45px\" aria-hidden=\"true\" class=\"wp-block-spacer\"><\/div>\n\n\n\n<p class=\"ticss-008d2f1d\"><strong>EBICS<\/strong>&nbsp;(<strong>E<\/strong>lectronic&nbsp;<strong>B<\/strong>anking&nbsp;<strong>I<\/strong>nternet&nbsp;<strong>C<\/strong>ommunication&nbsp;<strong>S<\/strong>tandard) egy internetalap\u00fa elektronikus banki kommunik\u00e1ci\u00f3s szabv\u00e1ny a biztons\u00e1gos \u00fczleti-bank, bank-bank \u00e9s bank-CSM k\u00f6z\u00f6tti kommunik\u00e1ci\u00f3hoz (bele\u00e9rtve a titkos\u00edt\u00e1st, t\u00f6m\u00f6r\u00edt\u00e9st \u00e9s elektronikus al\u00e1\u00edr\u00e1st).<\/p>\n\n\n\n<h3 class=\"wp-block-heading\">Az elektronikus banki szolg\u00e1ltat\u00e1sok harmoniz\u00e1ci\u00f3ja &#8211; j\u00f6v\u0151k\u00e9p \u00e9s val\u00f3s\u00e1g&nbsp;<\/h3>\n\n\n\n<p class=\"ticss-70811572\">Az EBICS-t eredetileg a n\u00e9metorsz\u00e1gi \u00fczleti bankok k\u00f6z\u00f6tti kommunik\u00e1ci\u00f3 kor\u00e1bbi szabv\u00e1ny\u00e1nak korszer\u0171s\u00edt\u00e9s\u00e9re \u00e9s felv\u00e1lt\u00e1s\u00e1ra tervezt\u00e9k. Ezt k\u00f6vet\u0151en a francia bankk\u00f6z\u00f6ss\u00e9g, majd a k\u00f6zelm\u00faltban Sv\u00e1jc \u00e9s Ausztria is \u00e1tvette. E szabv\u00e1nyos\u00edt\u00e1s eredm\u00e9nyek\u00e9nt a c\u00e9gek \u00e9vek \u00f3ta hozz\u00e1f\u00e9rhetnek az \u00f6sszes n\u00e9metorsz\u00e1gi \u00e9s franciaorsz\u00e1gi bankhoz, valamint sz\u00e1mos m\u00e1s orsz\u00e1gbeli bankhoz, bele\u00e9rtve a multinacion\u00e1lis bankcsoportok \u00e1ltal m\u0171k\u00f6dtetett, csoportos EBICS-k\u00f6zpontokat is.<\/p>\n\n\n\n<p class=\"ticss-9048d239\">Az EBICS j\u00f3 okkal bizonyult olyan n\u00e9pszer\u0171nek a v\u00e1llalkoz\u00e1sok k\u00f6r\u00e9ben: k\u00f6lts\u00e9ghat\u00e9kony \u00e9s teljes m\u00e9rt\u00e9kben t\u00e1mogatja a bankok k\u00f6z\u00f6tti ny\u00edlt bankol\u00e1st. A bankok el\u00e9rt\u00e9k c\u00e9ljukat, hogy egy nyitott, nyilv\u00e1nos specifik\u00e1ci\u00f3n alapul\u00f3, rugalmas, j\u00f6v\u0151orient\u00e1lt \u00e9s biztons\u00e1gos keretrendszert hozzanak l\u00e9tre.<\/p>\n\n\n\n<p><strong>Az EBICS szabv\u00e1ny el\u0151nyei<\/strong><\/p>\n\n\n\n<ul class=\"wp-block-list\">\n<li>Egys\u00e9ges szabv\u00e1nyt biztos\u00edt az \u00fcgyfelek \u00e9s a bankok k\u00f6z\u00f6tti kommunik\u00e1ci\u00f3hoz.<\/li>\n\n\n\n<li>Olyan keretet biztos\u00edt, amely rugalmasan alkalmazkodik a k\u00fcl\u00f6nb\u00f6z\u0151 forgat\u00f3k\u00f6nyvekhez.<\/li>\n\n\n\n<li>A legmagasabb szint\u0171 biztons\u00e1got biztos\u00edtja minden szinten<\/li>\n\n\n\n<li>Lehet\u0151v\u00e9 teszi, hogy minden jelenlegi \u00e9s j\u00f6v\u0151beli \u00faj \u00fczenett\u00edpust ugyanazzal a mechanizmussal tov\u00e1bb\u00edtsanak \u00e9s hiteles\u00edtsenek.<\/li>\n\n\n\n<li>A t\u00f6bbszint\u0171 al\u00e1\u00edr\u00e1sok koncepci\u00f3ja r\u00e9v\u00e9n er\u0151s \u00e9rv\u00e9nyes\u00edt\u00e9st biztos\u00edt.<\/li>\n<\/ul>\n\n\n\n<h3 class=\"wp-block-heading\">EBICS 3.0 &#8211; egy harmoniz\u00e1lt szabv\u00e1ny?<\/h3>\n\n\n\n<p class=\"ticss-6bcb9156\">Az EBICS 3.0 specifik\u00e1ci\u00f3 egy\u00e9rtelm\u0171en megfogalmazott c\u00e9lja, hogy egyetlen harmoniz\u00e1lt szabv\u00e1nyt hat\u00e1rozzon meg, amely \u00e1thidalja a jelenlegi helyi &#8222;dialektusok&#8220; k\u00f6z\u00f6tti k\u00fcl\u00f6nbs\u00e9geket \u00e9s \u00f6sszeegyeztethetetlens\u00e9geket. A le\u00edr\u00e1s olyan \u00e1ltal\u00e1nos keretet hat\u00e1roz meg, amelyen bel\u00fcl elegend\u0151 mozg\u00e1st\u00e9r \u00e1ll rendelkez\u00e9sre a nemzeti, hivatalos \u00e9s k\u00e9toldal\u00fa elt\u00e9r\u00e9sek t\u00e1mogat\u00e1s\u00e1ra. Az &#8222;egys\u00e9g a sokf\u00e9les\u00e9ggel&#8220; megk\u00f6zel\u00edt\u00e9shez kapcsol\u00f3d\u00f3 h\u00e1tr\u00e1ny a komplexit\u00e1s \u00faj szintje, amelyet az EBICS-et t\u00e1mogat\u00f3 sz\u00e1mos alkalmaz\u00e1snak meg kell \u00e9rtenie \u00e9s fel kell ismernie.<\/p>\n\n\n\n<p class=\"ticss-3a459612\">Az EBICS 3.0 tal\u00e1n legjelent\u0151sebb v\u00e1ltoz\u00e1sa a tranzakci\u00f3t\u00edpusok felismer\u00e9s\u00e9nek \u00e9s ellen\u0151rz\u00e9s\u00e9nek m\u00f3dja. A kor\u00e1bban haszn\u00e1lt \u00e9s egym\u00e1ssal \u00f6sszeegyeztethetetlen modelleket egy \u00faj, \u00e1tfog\u00f3 keretrendszer v\u00e1ltotta fel, amely az \u00fczleti tranzakci\u00f3form\u00e1tumokat (BTF) haszn\u00e1lja. Ezek rugalmass\u00e1got biztos\u00edtanak a k\u00fcl\u00f6nb\u00f6z\u0151 form\u00e1tumok t\u00e1mogat\u00e1s\u00e1hoz az egyes tranzakci\u00f3t\u00edpusokhoz sz\u00fcks\u00e9ges tov\u00e1bbi param\u00e9terek r\u00e9v\u00e9n. Ez azt jelenti, hogy a banksz\u00f6vets\u00e9gek sz\u00e9lesk\u00f6r\u0171 szabads\u00e1ggal rendelkeznek az egyes meghat\u00e1roz\u00e1sokhoz sz\u00fcks\u00e9ges inform\u00e1ci\u00f3k kialak\u00edt\u00e1s\u00e1ban. Ez a sokoldal\u00fas\u00e1g azonban \u00faj komplexit\u00e1si szinteket hoz l\u00e9tre, \u00e9s k\u00fcl\u00f6nleges kih\u00edv\u00e1sokat jelent a bankok \u00e9s v\u00e1llalatok \u00e1ltal nemzetk\u00f6zi k\u00f6rnyezetben haszn\u00e1lt alkalmaz\u00e1sok sz\u00e1m\u00e1ra, amelyeknek megb\u00edzhat\u00f3an t\u00e1mogatniuk kell a BTF-v\u00e1ltozatokat az \u00f6sszes \u00e9rdekelt f\u00e9l sz\u00e1m\u00e1ra. Szint\u00e9n fontosak azok a v\u00e1ltoz\u00e1sok, amelyek c\u00e9lja a kulcscsere- hiteles\u00edt\u00e9s \u00e9s az al\u00e1\u00edr\u00e1sok harmoniz\u00e1l\u00e1sa az X.509 tan\u00fas\u00edtv\u00e1nyok haszn\u00e1lata r\u00e9v\u00e9n.<\/p>\n\n\n\n<h3 class=\"wp-block-heading\">A helyes d\u00f6nt\u00e9sek meghozatala az EBICS seg\u00edts\u00e9g\u00e9vel<\/h3>\n\n\n\n<p class=\"ticss-ae5ebd6d\">Az EBICS 3.0-val egy olyan szabv\u00e1nyos\u00edtott keretrendszer \u00e1ll rendelkez\u00e9sre, amely rugalmasan alkalmazkodik a k\u00fcl\u00f6nb\u00f6z\u0151 k\u00f6vetelm\u00e9nyekhez, de a komplexit\u00e1s \u00faj szintjeihez is. R\u00e1ad\u00e1sul az EBICS 3.0 csak fokozatosan foglalja el a hely\u00e9t a piacon, \u00edgy a kor\u00e1bbi EBICS 2.5 verzi\u00f3val val\u00f3 alapvet\u0151 kompatibilit\u00e1s az elk\u00f6vetkez\u0151 \u00e9vekben is megmarad. A hat\u00e1rokon \u00e1tny\u00fal\u00f3 teljes megfelel\u00e9s \u00e9rdek\u00e9ben biztos\u00edtani kell a k\u00fcl\u00f6nb\u00f6z\u0151 orsz\u00e1gok piac\u00e1n l\u00e9v\u0151 elt\u00e9r\u0151 megold\u00e1sok folyamatos kompatibilit\u00e1s\u00e1t. Ez\u00e9rt a bankoknak \u00e9s a v\u00e1llalatoknak mindenk\u00e9ppen tapasztalt \u00e9s j\u00f6v\u0151orient\u00e1lt szakmai partnerrel kell egy\u00fcttm\u0171k\u00f6dni\u00fck. Az EBICS-megold\u00e1sok \u00fatt\u00f6r\u0151jek\u00e9nt \u00e9s vezet\u0151 szolg\u00e1ltat\u00f3jak\u00e9nt j\u00f3l felk\u00e9sz\u00fclt\u00fcnk arra, hogy megfelelj\u00fcnk ezeknek a kih\u00edv\u00e1soknak. Megold\u00e1sainkat \u00fagy tervezt\u00fck, hogy teljes\u00edts\u00e9k ezeket az elv\u00e1r\u00e1sokat, k\u00f6nnyen testre szabhat\u00f3ak legyenek \u00e9s t\u00e1mogass\u00e1k az alapul szolg\u00e1l\u00f3 nemzeti el\u0151\u00edr\u00e1sok b\u00e1rmelyik v\u00e1ltoz\u00e1s\u00e1t vagy kieg\u00e9sz\u00edt\u00e9s\u00e9t. Sz\u00e1mos bankn\u00e1l \u00e9s nagyv\u00e1llalatn\u00e1l szerezt\u00fcnk tapasztalatot a bevezet\u00e9sben, \u00e9s megold\u00e1sunkat bankok \u00e9s v\u00e1llalatok haszn\u00e1lj\u00e1k Eur\u00f3pa szerte.<\/p>\n\n\n\n<p class=\"ticss-cf450ea8\">Ha r\u00e9szletesebb inform\u00e1ci\u00f3t szeretne kapni a szabv\u00e1nyr\u00f3l \u00e9s arr\u00f3l, hogy hogyan tudja a legt\u00f6bbet kihozni az EBICS \u00e1ltal k\u00edn\u00e1lt lehet\u0151s\u00e9gekb\u0151l, vegye fel vel\u00fcnk a kapcsolatot.<\/p>\n\n\n\n<div style=\"height:36px\" aria-hidden=\"true\" class=\"wp-block-spacer\"><\/div>\n\n\n\n<div class=\"wp-block-cover alignfull\" style=\"min-height:300px;aspect-ratio:unset;\"><span aria-hidden=\"true\" class=\"wp-block-cover__background has-nv-dark-bg-background-color has-background-dim-100 has-background-dim\"><\/span><div class=\"wp-block-cover__inner-container is-layout-flow wp-block-cover-is-layout-flow\">\n<div style=\"height:79px\" aria-hidden=\"true\" class=\"wp-block-spacer\"><\/div>\n\n\n\n<div class=\"wp-block-buttons is-horizontal is-content-justification-center is-layout-flex wp-container-core-buttons-is-layout-499968f5 wp-block-buttons-is-layout-flex\">\n<div class=\"wp-block-button ticss-9e451b93 is-style-primary\"><a class=\"wp-block-button__link has-nv-site-bg-color has-text-color wp-element-button\" href=\"https:\/\/www.mdpraha.cz\/en\/contact-0\" style=\"border-radius:6px\">KAPCSOLATFELV\u00c9TEL<\/a><\/div>\n<\/div>\n\n\n\n<div style=\"height:50px\" aria-hidden=\"true\" class=\"wp-block-spacer\"><\/div>\n\n\n\n<p class=\"has-text-align-center ticss-a4102a80 has-nv-text-dark-bg-color has-text-color\"><strong>Management Data Praha spol. s r.o.<\/strong><br>U Uranie 954\/18<br>170 00 Praha 7 &#8211; Hole\u0161ovice<br>Cseh K\u00f6zt\u00e1rsas\u00e1g\u00a0<\/p>\n\n\n\n<div style=\"height:10px\" aria-hidden=\"true\" class=\"wp-block-spacer\"><\/div>\n<\/div><\/div>\n","protected":false},"excerpt":{"rendered":"<p>EBICS&nbsp;(Electronic&nbsp;Banking&nbsp;Internet&nbsp;Communication&nbsp;Standard) egy internetalap\u00fa elektronikus banki kommunik\u00e1ci\u00f3s szabv\u00e1ny a biztons\u00e1gos \u00fczleti-bank, bank-bank \u00e9s bank-CSM k\u00f6z\u00f6tti kommunik\u00e1ci\u00f3hoz (bele\u00e9rtve a titkos\u00edt\u00e1st, t\u00f6m\u00f6r\u00edt\u00e9st \u00e9s elektronikus al\u00e1\u00edr\u00e1st). Az elektronikus banki szolg\u00e1ltat\u00e1sok harmoniz\u00e1ci\u00f3ja &#8211; j\u00f6v\u0151k\u00e9p \u00e9s val\u00f3s\u00e1g&nbsp; Az EBICS-t eredetileg a n\u00e9metorsz\u00e1gi \u00fczleti bankok k\u00f6z\u00f6tti kommunik\u00e1ci\u00f3 kor\u00e1bbi szabv\u00e1ny\u00e1nak korszer\u0171s\u00edt\u00e9s\u00e9re \u00e9s felv\u00e1lt\u00e1s\u00e1ra tervezt\u00e9k. Ezt k\u00f6vet\u0151en a francia bankk\u00f6z\u00f6ss\u00e9g, majd a k\u00f6zelm\u00faltban Sv\u00e1jc&hellip;&nbsp;<a href=\"https:\/\/www.ebics.hu\/\" rel=\"bookmark\">\u010c\u00edst d\u00e1le &raquo;<span class=\"screen-reader-text\">EBICS<\/span><\/a><\/p>\n","protected":false},"author":1,"featured_media":0,"parent":0,"menu_order":0,"comment_status":"closed","ping_status":"closed","template":"","meta":{"neve_meta_sidebar":"full-width","neve_meta_container":"default","neve_meta_enable_content_width":"on","neve_meta_content_width":100,"neve_meta_title_alignment":"","neve_meta_author_avatar":"","neve_post_elements_order":"","neve_meta_disable_header":"","neve_meta_disable_footer":"","neve_meta_disable_title":"on","_themeisle_gutenberg_block_has_review":false,"footnotes":""},"class_list":["post-5","page","type-page","status-publish","hentry"],"_links":{"self":[{"href":"https:\/\/www.ebics.hu\/index.php?rest_route=\/wp\/v2\/pages\/5","targetHints":{"allow":["GET"]}}],"collection":[{"href":"https:\/\/www.ebics.hu\/index.php?rest_route=\/wp\/v2\/pages"}],"about":[{"href":"https:\/\/www.ebics.hu\/index.php?rest_route=\/wp\/v2\/types\/page"}],"author":[{"embeddable":true,"href":"https:\/\/www.ebics.hu\/index.php?rest_route=\/wp\/v2\/users\/1"}],"replies":[{"embeddable":true,"href":"https:\/\/www.ebics.hu\/index.php?rest_route=%2Fwp%2Fv2%2Fcomments&post=5"}],"version-history":[{"count":83,"href":"https:\/\/www.ebics.hu\/index.php?rest_route=\/wp\/v2\/pages\/5\/revisions"}],"predecessor-version":[{"id":514,"href":"https:\/\/www.ebics.hu\/index.php?rest_route=\/wp\/v2\/pages\/5\/revisions\/514"}],"wp:attachment":[{"href":"https:\/\/www.ebics.hu\/index.php?rest_route=%2Fwp%2Fv2%2Fmedia&parent=5"}],"curies":[{"name":"wp","href":"https:\/\/api.w.org\/{rel}","templated":true}]}}